{"id":41,"date":"2020-02-11T20:48:03","date_gmt":"2020-02-11T20:48:03","guid":{"rendered":"http:\/\/panmax.pl\/?page_id=41"},"modified":"2020-02-11T20:48:03","modified_gmt":"2020-02-11T20:48:03","slug":"o-mnie","status":"publish","type":"page","link":"https:\/\/panmax.pl\/index.php\/o-mnie\/","title":{"rendered":"O mnie"},"content":{"rendered":"\n<p>Cze\u015b\u0107, jestem Max. <\/p>\n\n\n\n<p>Jeszcze si\u0119 nie znamy ale mam nadziej\u0119, \u017ce wkr\u00f3tce si\u0119 to zmieni. Wspania\u0142a \u017cona i dom z ogrodem to moje miejsce na ziemi. Uwielbiam s\u0142oneczne dni, d\u0142ugie spacery z psem po lesie i pozytywych ludzi. <\/p>\n\n\n\n<p>Fotografiami zatrzymuj\u0119 czas w pi\u0119knych momentach.  <\/p>\n\n\n\n<div class=\"wp-block-image\"><figure class=\"aligncenter\"><img loading=\"lazy\" width=\"1024\" height=\"683\" src=\"http:\/\/panmax.pl\/wp-content\/uploads\/2020\/02\/spacer-9-1024x683.jpg\" alt=\"\" class=\"wp-image-42\" srcset=\"https:\/\/panmax.pl\/wp-content\/uploads\/2020\/02\/spacer-9-1024x683.jpg 1024w, https:\/\/panmax.pl\/wp-content\/uploads\/2020\/02\/spacer-9-300x200.jpg 300w, https:\/\/panmax.pl\/wp-content\/uploads\/2020\/02\/spacer-9-768x512.jpg 768w, https:\/\/panmax.pl\/wp-content\/uploads\/2020\/02\/spacer-9-904x603.jpg 904w\" sizes=\"(max-width: 1024px) 100vw, 1024px\" \/><figcaption><br><\/figcaption><\/figure><\/div>\n\n\n\n<p><br><\/p>\n","protected":false},"excerpt":{"rendered":"<p>Cze\u015b\u0107, jestem Max. Jeszcze si\u0119 nie znamy ale mam nadziej\u0119, \u017ce wkr\u00f3tce si\u0119 to zmieni. Wspania\u0142a \u017cona i dom z ogrodem to moje miejsce na ziemi. Uwielbiam s\u0142oneczne dni, d\u0142ugie spacery z psem po lesie i pozytywych ludzi. Fotografiami zatrzymuj\u0119 czas w pi\u0119knych momentach.<\/p>\n","protected":false},"author":1,"featured_media":0,"parent":0,"menu_order":0,"comment_status":"closed","ping_status":"closed","template":"","meta":[],"_links":{"self":[{"href":"https:\/\/panmax.pl\/index.php\/wp-json\/wp\/v2\/pages\/41"}],"collection":[{"href":"https:\/\/panmax.pl\/index.php\/wp-json\/wp\/v2\/pages"}],"about":[{"href":"https:\/\/panmax.pl\/index.php\/wp-json\/wp\/v2\/types\/page"}],"author":[{"embeddable":true,"href":"https:\/\/panmax.pl\/index.php\/wp-json\/wp\/v2\/users\/1"}],"replies":[{"embeddable":true,"href":"https:\/\/panmax.pl\/index.php\/wp-json\/wp\/v2\/comments?post=41"}],"version-history":[{"count":3,"href":"https:\/\/panmax.pl\/index.php\/wp-json\/wp\/v2\/pages\/41\/revisions"}],"predecessor-version":[{"id":45,"href":"https:\/\/panmax.pl\/index.php\/wp-json\/wp\/v2\/pages\/41\/revisions\/45"}],"wp:attachment":[{"href":"https:\/\/panmax.pl\/index.php\/wp-json\/wp\/v2\/media?parent=41"}],"curies":[{"name":"wp","href":"https:\/\/api.w.org\/{rel}","templated":true}]}}